{"id":2451,"date":"2025-10-07T08:29:36","date_gmt":"2025-10-07T08:29:36","guid":{"rendered":"https:\/\/www.xn--elmysporo-w2a.fi\/?page_id=2451"},"modified":"2025-10-07T17:04:13","modified_gmt":"2025-10-07T17:04:13","slug":"poronliha","status":"publish","type":"page","link":"https:\/\/www.xn--elmysporo-w2a.fi\/en\/poronliha\/","title":{"rendered":"Poronliha"},"content":{"rendered":"<p>[et_pb_section fb_built=&#8221;1&#8243; custom_padding_last_edited=&#8221;on|phone&#8221; module_class=&#8221;auto-home-hero-section&#8221; _builder_version=&#8221;4.27.4&#8243; _module_preset=&#8221;default&#8221; background_image=&#8221;http:\/\/www.xn--elmysporo-w2a.fi\/wp-content\/uploads\/2025\/09\/DSC_2954-scaled.jpg&#8221; min_height=&#8221;415px&#8221; custom_padding=&#8221;130px||0px||false|false&#8221; custom_padding_tablet=&#8221;80px||80px||false|false&#8221; custom_padding_phone=&#8221;90px||60px||false|false&#8221; custom_css_before=&#8221;content: &#8221;;||    position: absolute;||    width: 100%;||    height: 100%;||    background-image: url(\/wp-content\/uploads\/2022\/12\/foot-bg-img.png);||    top: 0;||    bottom: 0;||    left: 0;||    right: 0;||    background-repeat: no-repeat;||    background-size: cover;||opacity:0.4;&#8221; custom_css_main_element=&#8221;position:relative;&#8221; global_colors_info=&#8221;{}&#8221;][et_pb_row column_structure=&#8221;3_4,1_4&#8243; _builder_version=&#8221;4.19.1&#8243; _module_preset=&#8221;default&#8221; width=&#8221;90%&#8221; min_height=&#8221;202px&#8221; custom_padding=&#8221;0px||0px||true|false&#8221; custom_css_main_element=&#8221;display: flex;||    align-items: center;&#8221; global_colors_info=&#8221;{}&#8221; custom_css_main_element_last_edited=&#8221;on|phone&#8221; custom_css_main_element_phone=&#8221;display:block;&#8221; custom_css_main_element_tablet=&#8221;display: flex;||    align-items: center;&#8221;][et_pb_column type=&#8221;3_4&#8243; _builder_version=&#8221;4.19.1&#8243; _module_preset=&#8221;default&#8221; global_colors_info=&#8221;{}&#8221;][et_pb_text _builder_version=&#8221;4.27.4&#8243; _module_preset=&#8221;default&#8221; header_font=&#8221;|700|||||||&#8221; header_text_color=&#8221;#FFFFFF&#8221; header_font_size=&#8221;60px&#8221; header_line_height=&#8221;70px&#8221; custom_margin=&#8221;||15px||false|false&#8221; header_font_size_tablet=&#8221;52px&#8221; header_font_size_phone=&#8221;32px&#8221; header_font_size_last_edited=&#8221;on|phone&#8221; header_line_height_tablet=&#8221;62px&#8221; header_line_height_phone=&#8221;39.8px&#8221; header_line_height_last_edited=&#8221;on|tablet&#8221; global_colors_info=&#8221;{}&#8221;]<\/p>\n<h1>Poronlihan myynti<\/h1>\n<p>[\/et_pb_text][et_pb_text _builder_version=&#8221;4.27.4&#8243; _module_preset=&#8221;default&#8221; text_font=&#8221;|300|||||||&#8221; text_text_color=&#8221;#FFFFFF&#8221; text_line_height=&#8221;26px&#8221; custom_margin=&#8221;||46px||false|false&#8221; custom_css_main_element=&#8221;max-width:600px;||width:100%;&#8221; global_colors_info=&#8221;{}&#8221;]<\/p>\n<p>Tarjoamme poronlihaa ja muita porotuotteita suoraan tilaltamme.\u00a0<\/p>\n<p>[\/et_pb_text][\/et_pb_column][et_pb_column type=&#8221;1_4&#8243; _builder_version=&#8221;4.19.1&#8243; _module_preset=&#8221;default&#8221; custom_padding=&#8221;||||false|false&#8221; global_colors_info=&#8221;{}&#8221;][et_pb_social_media_follow use_icon_font_size=&#8221;on&#8221; icon_font_size=&#8221;18px&#8221; _builder_version=&#8221;4.27.4&#8243; _module_preset=&#8221;default&#8221; text_orientation=&#8221;right&#8221; custom_margin_tablet=&#8221;&#8221; custom_margin_phone=&#8221;||||false|false&#8221; custom_margin_last_edited=&#8221;on|phone&#8221; custom_padding=&#8221;30px||25px||false|false&#8221; custom_padding_tablet=&#8221;30px||25px||false|false&#8221; custom_padding_phone=&#8221;0px||0px||false|false&#8221; custom_padding_last_edited=&#8221;on|phone&#8221; text_orientation_tablet=&#8221;right&#8221; text_orientation_phone=&#8221;left&#8221; text_orientation_last_edited=&#8221;on|phone&#8221; custom_css_before=&#8221;content: &#8221;;||    position: absolute;||    width: 0;||    height: 120px;||    right: 15px;||    top:0;||    border: 1px solid rgba(255,255,255,0.7);||    transform: translateY(-100%);&#8221; custom_css_after=&#8221;content: &#8221;;||    position: absolute;||    width: 0;||    height: 120px;||    right: 15px;||    bottom:0;||    border: 1px solid rgba(255,255,255,0.7);||    transform: translateY(100%);||visibility:visible!important;&#8221; custom_css_social_follow=&#8221;display:block!important;&#8221; custom_css_social_icon=&#8221;margin-right:0!important;&#8221; locked=&#8221;off&#8221; global_colors_info=&#8221;{}&#8221; custom_css_social_follow_last_edited=&#8221;on|phone&#8221; custom_css_social_follow_phone=&#8221;display:inline-block!important;&#8221; custom_css_before_last_edited=&#8221;on|phone&#8221; custom_css_before_phone=&#8221;content: none;||   &#8221; custom_css_after_last_edited=&#8221;on|phone&#8221; custom_css_after_phone=&#8221;content: none;||   &#8221; custom_css_social_follow_tablet=&#8221;display:block!important;&#8221; custom_css_before_tablet=&#8221;content: &#8221;;||    position: absolute;||    width: 0;||    height: 120px;||    right: 15px;||    top:0;||    border: 1px solid rgba(255,255,255,0.7);||    transform: translateY(-100%);&#8221; custom_css_after_tablet=&#8221;content: &#8221;;||    position: absolute;||    width: 0;||    height: 120px;||    right: 15px;||    bottom:0;||    border: 1px solid rgba(255,255,255,0.7);||    transform: translateY(100%);||visibility:visible!important;&#8221;][et_pb_social_media_follow_network social_network=&#8221;tiktok&#8221; _builder_version=&#8221;4.27.4&#8243; _module_preset=&#8221;default&#8221; background_color=&#8221;#fe2c55&#8243; background_enable_color=&#8221;off&#8221; global_colors_info=&#8221;{}&#8221; follow_button=&#8221;off&#8221; url_new_window=&#8221;on&#8221;]tiktok[\/et_pb_social_media_follow_network][et_pb_social_media_follow_network social_network=&#8221;twitter&#8221; _builder_version=&#8221;4.22.2&#8243; _module_preset=&#8221;default&#8221; background_color=&#8221;#000000&#8243; background_enable_color=&#8221;off&#8221; global_colors_info=&#8221;{}&#8221; follow_button=&#8221;off&#8221; url_new_window=&#8221;on&#8221;]twitter[\/et_pb_social_media_follow_network][et_pb_social_media_follow_network social_network=&#8221;instagram&#8221; _builder_version=&#8221;4.19.1&#8243; _module_preset=&#8221;default&#8221; background_color=&#8221;#ea2c59&#8243; background_enable_color=&#8221;off&#8221; global_colors_info=&#8221;{}&#8221; follow_button=&#8221;off&#8221; url_new_window=&#8221;on&#8221;]instagram[\/et_pb_social_media_follow_network][\/et_pb_social_media_follow][\/et_pb_column][\/et_pb_row][\/et_pb_section][et_pb_section fb_built=&#8221;1&#8243; use_custom_gutter=&#8221;on&#8221; gutter_width=&#8221;2&#8243; specialty=&#8221;on&#8221; custom_padding_last_edited=&#8221;on|tablet&#8221; padding_top_1=&#8221;0px&#8221; padding_top_2=&#8221;0px&#8221; padding_bottom_1=&#8221;0px&#8221; padding_bottom_2=&#8221;0px&#8221; padding_top_bottom_link_1=&#8221;true&#8221; padding_top_bottom_link_2=&#8221;true&#8221; padding_left_right_link_1=&#8221;false&#8221; padding_left_right_link_2=&#8221;false&#8221; module_class=&#8221;auto-inquiry-section&#8221; _builder_version=&#8221;4.19.1&#8243; _module_preset=&#8221;default&#8221; inner_width=&#8221;90%&#8221; custom_padding=&#8221;100px||100px||false|false&#8221; custom_padding_tablet=&#8221;80px||80px||true|false&#8221; custom_padding_phone=&#8221;60px||60px||true|false&#8221; global_colors_info=&#8221;{}&#8221;][et_pb_column type=&#8221;2_3&#8243; specialty_columns=&#8221;2&#8243; _builder_version=&#8221;4.16&#8243; custom_padding=&#8221;|||&#8221; global_colors_info=&#8221;{}&#8221; custom_padding__hover=&#8221;|||&#8221;][et_pb_row_inner _builder_version=&#8221;4.19.1&#8243; _module_preset=&#8221;default&#8221; custom_padding=&#8221;0px||0px||true|false&#8221; global_colors_info=&#8221;{}&#8221;][et_pb_column_inner saved_specialty_column_type=&#8221;2_3&#8243; _builder_version=&#8221;4.19.1&#8243; _module_preset=&#8221;default&#8221; global_colors_info=&#8221;{}&#8221;][et_pb_text _builder_version=&#8221;4.27.4&#8243; _module_preset=&#8221;default&#8221; text_font=&#8221;|300|||||||&#8221; text_text_color=&#8221;#7a7a7a&#8221; text_line_height=&#8221;26px&#8221; custom_margin=&#8221;||0px||false|false&#8221; custom_css_main_element=&#8221;max-width:600px;||width:100%;&#8221; global_colors_info=&#8221;{}&#8221;]<\/p>\n<p>Mik\u00e4li valikoimasta ei l\u00f6ydy haluamaaasi tuotetta, kysy rohkeasti niin pyrimme t\u00e4ytt\u00e4m\u00e4\u00e4n erikoistoiveesi.<\/p>\n<p>Katso maukkaimmat pororeseptit: <a href=\"https:\/\/pororeseptit.fi\/\">pororeseptit.fi<\/a>\u00a0<\/p>\n<p>[\/et_pb_text][et_pb_image src=&#8221;http:\/\/www.xn--elmysporo-w2a.fi\/wp-content\/uploads\/2025\/10\/Nayttokuva-2025-10-07-091315.png&#8221; title_text=&#8221;N\u00e4ytt\u00f6kuva 2025-10-07 091315&#8243; _builder_version=&#8221;4.27.4&#8243; _module_preset=&#8221;default&#8221; global_colors_info=&#8221;{}&#8221;][\/et_pb_image][\/et_pb_column_inner][\/et_pb_row_inner][\/et_pb_column][et_pb_column type=&#8221;1_3&#8243; _builder_version=&#8221;4.16&#8243; custom_padding=&#8221;|||&#8221; global_colors_info=&#8221;{}&#8221; custom_padding__hover=&#8221;|||&#8221;][et_pb_contact_form captcha=&#8221;off&#8221; email=&#8221;elamysporo@gmail.com&#8221; title=&#8221;Ota yhteytt\u00e4&#8221; submit_button_text=&#8221;L\u00e4het\u00e4 viesti&#8221; disabled_on=&#8221;on|on|off&#8221; _builder_version=&#8221;4.27.4&#8243; _module_preset=&#8221;default&#8221; _unique_id=&#8221;8a7ceece-e0be-4d44-8b24-60d876010bc1&#8243; form_field_background_color=&#8221;#FFFFFF&#8221; form_field_text_color=&#8221;#7a7a7a&#8221; form_field_custom_padding=&#8221;18px||18px|15px|false|false&#8221; title_level=&#8221;h3&#8243; title_font=&#8221;|700|||||||&#8221; title_text_align=&#8221;center&#8221; title_text_color=&#8221;#FFFFFF&#8221; title_font_size=&#8221;24px&#8221; title_line_height=&#8221;34px&#8221; form_field_font_size=&#8221;16px&#8221; form_field_line_height=&#8221;26px&#8221; custom_button=&#8221;on&#8221; button_text_color=&#8221;#FFFFFF&#8221; button_font=&#8221;|600|||||||&#8221; button_icon=&#8221;&#x39;||divi||400&#8243; button_icon_color=&#8221;#FFFFFF&#8221; button_on_hover=&#8221;off&#8221; button_custom_padding=&#8221;18px||18px||false|false&#8221; min_height=&#8221;547.1px&#8221; custom_css_contact_title=&#8221;background:var(&#8211;color1);&#8221; custom_css_contact_button=&#8221;background:var(&#8211;color1)!important;&#8221; custom_css_contact_fields=&#8221;border: 1px solid #F5F5F5;&#8221; custom_css_text_field=&#8221;border: 1px solid #F5F5F5;&#8221; global_colors_info=&#8221;{}&#8221;][et_pb_contact_field field_id=&#8221;Name&#8221; field_title=&#8221;Nimi&#8221; fullwidth_field=&#8221;on&#8221; _builder_version=&#8221;4.27.4&#8243; global_colors_info=&#8221;{}&#8221; button_text_size__hover_enabled=&#8221;off&#8221; button_one_text_size__hover_enabled=&#8221;off&#8221; button_two_text_size__hover_enabled=&#8221;off&#8221; button_text_color__hover_enabled=&#8221;off&#8221; button_one_text_color__hover_enabled=&#8221;off&#8221; button_two_text_color__hover_enabled=&#8221;off&#8221; button_border_width__hover_enabled=&#8221;off&#8221; button_one_border_width__hover_enabled=&#8221;off&#8221; button_two_border_width__hover_enabled=&#8221;off&#8221; button_border_color__hover_enabled=&#8221;off&#8221; button_one_border_color__hover_enabled=&#8221;off&#8221; button_two_border_color__hover_enabled=&#8221;off&#8221; button_border_radius__hover_enabled=&#8221;off&#8221; button_one_border_radius__hover_enabled=&#8221;off&#8221; button_two_border_radius__hover_enabled=&#8221;off&#8221; button_letter_spacing__hover_enabled=&#8221;off&#8221; button_one_letter_spacing__hover_enabled=&#8221;off&#8221; button_two_letter_spacing__hover_enabled=&#8221;off&#8221; button_bg_color__hover_enabled=&#8221;off&#8221; button_one_bg_color__hover_enabled=&#8221;off&#8221; button_two_bg_color__hover_enabled=&#8221;off&#8221;][\/et_pb_contact_field][et_pb_contact_field field_id=&#8221;Email&#8221; field_title=&#8221;S\u00e4hk\u00f6posti&#8221; field_type=&#8221;email&#8221; fullwidth_field=&#8221;on&#8221; _builder_version=&#8221;4.27.4&#8243; global_colors_info=&#8221;{}&#8221; button_text_size__hover_enabled=&#8221;off&#8221; button_one_text_size__hover_enabled=&#8221;off&#8221; button_two_text_size__hover_enabled=&#8221;off&#8221; button_text_color__hover_enabled=&#8221;off&#8221; button_one_text_color__hover_enabled=&#8221;off&#8221; button_two_text_color__hover_enabled=&#8221;off&#8221; button_border_width__hover_enabled=&#8221;off&#8221; button_one_border_width__hover_enabled=&#8221;off&#8221; button_two_border_width__hover_enabled=&#8221;off&#8221; button_border_color__hover_enabled=&#8221;off&#8221; button_one_border_color__hover_enabled=&#8221;off&#8221; button_two_border_color__hover_enabled=&#8221;off&#8221; button_border_radius__hover_enabled=&#8221;off&#8221; button_one_border_radius__hover_enabled=&#8221;off&#8221; button_two_border_radius__hover_enabled=&#8221;off&#8221; button_letter_spacing__hover_enabled=&#8221;off&#8221; button_one_letter_spacing__hover_enabled=&#8221;off&#8221; button_two_letter_spacing__hover_enabled=&#8221;off&#8221; button_bg_color__hover_enabled=&#8221;off&#8221; button_one_bg_color__hover_enabled=&#8221;off&#8221; button_two_bg_color__hover_enabled=&#8221;off&#8221;][\/et_pb_contact_field][et_pb_contact_field field_id=&#8221;Message&#8221; field_title=&#8221;Viestisi&#8221; field_type=&#8221;text&#8221; fullwidth_field=&#8221;on&#8221; _builder_version=&#8221;4.27.4&#8243; global_colors_info=&#8221;{}&#8221; button_text_size__hover_enabled=&#8221;off&#8221; button_one_text_size__hover_enabled=&#8221;off&#8221; button_two_text_size__hover_enabled=&#8221;off&#8221; button_text_color__hover_enabled=&#8221;off&#8221; button_one_text_color__hover_enabled=&#8221;off&#8221; button_two_text_color__hover_enabled=&#8221;off&#8221; button_border_width__hover_enabled=&#8221;off&#8221; button_one_border_width__hover_enabled=&#8221;off&#8221; button_two_border_width__hover_enabled=&#8221;off&#8221; button_border_color__hover_enabled=&#8221;off&#8221; button_one_border_color__hover_enabled=&#8221;off&#8221; button_two_border_color__hover_enabled=&#8221;off&#8221; button_border_radius__hover_enabled=&#8221;off&#8221; button_one_border_radius__hover_enabled=&#8221;off&#8221; button_two_border_radius__hover_enabled=&#8221;off&#8221; button_letter_spacing__hover_enabled=&#8221;off&#8221; button_one_letter_spacing__hover_enabled=&#8221;off&#8221; button_two_letter_spacing__hover_enabled=&#8221;off&#8221; button_bg_color__hover_enabled=&#8221;off&#8221; button_one_bg_color__hover_enabled=&#8221;off&#8221; button_two_bg_color__hover_enabled=&#8221;off&#8221;][\/et_pb_contact_field][\/et_pb_contact_form][\/et_pb_column][\/et_pb_section]<\/p>\n","protected":false},"excerpt":{"rendered":"<p>Poronlihan myyntiTarjoamme poronlihaa ja muita porotuotteita suoraan tilaltamme.\u00a0Mik\u00e4li valikoimasta ei l\u00f6ydy haluamaaasi tuotetta, kysy rohkeasti niin pyrimme t\u00e4ytt\u00e4m\u00e4\u00e4n erikoistoiveesi. Katso maukkaimmat pororeseptit: pororeseptit.fi\u00a0<\/p>","protected":false},"author":1,"featured_media":0,"parent":0,"menu_order":0,"comment_status":"closed","ping_status":"closed","template":"","meta":{"_et_pb_use_builder":"on","_et_pb_old_content":"","_et_gb_content_width":"","_monsterinsights_skip_tracking":false,"_monsterinsights_sitenote_active":false,"_monsterinsights_sitenote_note":"","_monsterinsights_sitenote_category":0,"footnotes":""},"class_list":["post-2451","page","type-page","status-publish","hentry"],"aioseo_notices":[],"_links":{"self":[{"href":"https:\/\/www.xn--elmysporo-w2a.fi\/en\/wp-json\/wp\/v2\/pages\/2451","targetHints":{"allow":["GET"]}}],"collection":[{"href":"https:\/\/www.xn--elmysporo-w2a.fi\/en\/wp-json\/wp\/v2\/pages"}],"about":[{"href":"https:\/\/www.xn--elmysporo-w2a.fi\/en\/wp-json\/wp\/v2\/types\/page"}],"author":[{"embeddable":true,"href":"https:\/\/www.xn--elmysporo-w2a.fi\/en\/wp-json\/wp\/v2\/users\/1"}],"replies":[{"embeddable":true,"href":"https:\/\/www.xn--elmysporo-w2a.fi\/en\/wp-json\/wp\/v2\/comments?post=2451"}],"version-history":[{"count":10,"href":"https:\/\/www.xn--elmysporo-w2a.fi\/en\/wp-json\/wp\/v2\/pages\/2451\/revisions"}],"predecessor-version":[{"id":2501,"href":"https:\/\/www.xn--elmysporo-w2a.fi\/en\/wp-json\/wp\/v2\/pages\/2451\/revisions\/2501"}],"wp:attachment":[{"href":"https:\/\/www.xn--elmysporo-w2a.fi\/en\/wp-json\/wp\/v2\/media?parent=2451"}],"curies":[{"name":"wp","href":"https:\/\/api.w.org\/{rel}","templated":true}]}}