{"id":3,"date":"2025-09-22T15:21:24","date_gmt":"2025-09-22T15:21:24","guid":{"rendered":"http:\/\/www.xn--elmysporo-w2a.fi\/?page_id=3"},"modified":"2025-09-23T08:08:18","modified_gmt":"2025-09-23T08:08:18","slug":"tietosuojaseloste","status":"publish","type":"page","link":"https:\/\/www.xn--elmysporo-w2a.fi\/en\/tietosuojaseloste\/","title":{"rendered":"Tietosuojaseloste"},"content":{"rendered":"<p>[et_pb_section fb_built=&#8221;1&#8243; _builder_version=&#8221;4.16&#8243; global_colors_info=&#8221;{}&#8221;][et_pb_row _builder_version=&#8221;4.16&#8243; background_size=&#8221;initial&#8221; background_position=&#8221;top_left&#8221; background_repeat=&#8221;repeat&#8221; global_colors_info=&#8221;{}&#8221;][et_pb_column type=&#8221;4_4&#8243; _builder_version=&#8221;4.16&#8243; custom_padding=&#8221;|||&#8221; global_colors_info=&#8221;{}&#8221; custom_padding__hover=&#8221;|||&#8221;][et_pb_text _builder_version=&#8221;4.16&#8243; background_size=&#8221;initial&#8221; background_position=&#8221;top_left&#8221; background_repeat=&#8221;repeat&#8221; global_colors_info=&#8221;{}&#8221;]<!-- divi:heading --><\/p>\n<h1 data-start=\"351\" data-end=\"386\">Tietosuojaseloste \u2013 El\u00e4mysPoro<\/h1>\n<p data-start=\"388\" data-end=\"461\"><strong data-start=\"388\" data-end=\"406\">Laatimisp\u00e4iv\u00e4:<\/strong> 23.9.2025<br data-start=\"419\" data-end=\"422\" \/><strong data-start=\"422\" data-end=\"446\">Viimeksi p\u00e4ivitetty:<\/strong> 23.9.2025<\/p>\n<hr data-start=\"463\" data-end=\"466\" \/>\n<h2 data-start=\"468\" data-end=\"492\">1. Rekisterinpit\u00e4j\u00e4<\/h2>\n<p data-start=\"493\" data-end=\"629\">El\u00e4mysPoro<\/p>\n<p>Ounasjoentie 5479, 99340, Kittil\u00e4<\/p>\n<p>Puhelin: +358 40 049073<br data-start=\"584\" data-end=\"587\" \/>S\u00e4hk\u00f6posti: <span style=\"color: #606060;\"><span style=\"color: #777777;\"><a href=\"mailto:example@email.com \" style=\"color: #777777;\">ela<\/a><\/span><a href=\"mailto:example@email.com \" style=\"color: #606060;\"><span style=\"color: #777777;\">elamysporo@gmail.com<\/span><\/a><\/span><\/p>\n<hr data-start=\"631\" data-end=\"634\" \/>\n<h2 data-start=\"636\" data-end=\"678\">2. Rekisteriasioista vastaava henkil\u00f6<\/h2>\n<p data-start=\"679\" data-end=\"756\">Nimi: Jonna<br data-start=\"733\" data-end=\"736\" \/>Puhelin: +358 40 049073<\/p>\n<hr data-start=\"758\" data-end=\"761\" \/>\n<h2 data-start=\"763\" data-end=\"799\">3. Mit\u00e4 henkil\u00f6tietoja ker\u00e4\u00e4mme<\/h2>\n<p data-start=\"800\" data-end=\"939\">Ker\u00e4\u00e4mme vain v\u00e4ltt\u00e4m\u00e4tt\u00f6mi\u00e4 henkil\u00f6tietoja, joita tarvitaan asiakassuhteen hoitamiseen ja palveluiden j\u00e4rjest\u00e4miseen. N\u00e4it\u00e4 voivat olla:<\/p>\n<ul data-start=\"940\" data-end=\"1110\">\n<li data-start=\"940\" data-end=\"948\">\n<p data-start=\"942\" data-end=\"948\">Nimi<\/p>\n<\/li>\n<li data-start=\"949\" data-end=\"966\">\n<p data-start=\"951\" data-end=\"966\">Puhelinnumero<\/p>\n<\/li>\n<li data-start=\"967\" data-end=\"987\">\n<p data-start=\"969\" data-end=\"987\">S\u00e4hk\u00f6postiosoite<\/p>\n<\/li>\n<li data-start=\"988\" data-end=\"1062\">\n<p data-start=\"990\" data-end=\"1062\">Viestien sis\u00e4lt\u00f6 (esim. yhteydenottolomakkeen kautta l\u00e4hetetyt tiedot)<\/p>\n<\/li>\n<li data-start=\"1063\" data-end=\"1110\">\n<p data-start=\"1065\" data-end=\"1110\">Mahdolliset erityistoiveet palvelun suhteen<\/p>\n<\/li>\n<\/ul>\n<hr data-start=\"1112\" data-end=\"1115\" \/>\n<h2 data-start=\"1117\" data-end=\"1162\">4. Mihin tarkoituksiin tietoja k\u00e4ytet\u00e4\u00e4n<\/h2>\n<p data-start=\"1163\" data-end=\"1215\">Henkil\u00f6tietoja k\u00e4ytet\u00e4\u00e4n seuraaviin tarkoituksiin:<\/p>\n<ul data-start=\"1216\" data-end=\"1387\">\n<li data-start=\"1216\" data-end=\"1252\">\n<p data-start=\"1218\" data-end=\"1252\">Asiakasviestint\u00e4 ja yhteydenpito<\/p>\n<\/li>\n<li data-start=\"1253\" data-end=\"1295\">\n<p data-start=\"1255\" data-end=\"1295\">Varausten ja palveluiden j\u00e4rjest\u00e4minen<\/p>\n<\/li>\n<li data-start=\"1296\" data-end=\"1352\">\n<p data-start=\"1298\" data-end=\"1352\">Laskutus ja maksujen k\u00e4sittely (jos sovellettavissa)<\/p>\n<\/li>\n<li data-start=\"1353\" data-end=\"1387\">\n<p data-start=\"1355\" data-end=\"1387\">Asiakaskokemuksen parantaminen<\/p>\n<\/li>\n<\/ul>\n<p data-start=\"1389\" data-end=\"1453\">Tietoja ei k\u00e4ytet\u00e4 markkinointiin ilman erillist\u00e4 suostumusta.<\/p>\n<hr data-start=\"1455\" data-end=\"1458\" \/>\n<h2 data-start=\"1460\" data-end=\"1502\">5. Henkil\u00f6tietojen k\u00e4sittelyn peruste<\/h2>\n<p data-start=\"1503\" data-end=\"1533\">Tietojen k\u00e4sittely perustuu:<\/p>\n<ul data-start=\"1534\" data-end=\"1716\">\n<li data-start=\"1534\" data-end=\"1603\">\n<p data-start=\"1536\" data-end=\"1603\">Asiakkaan suostumukseen (esim. yhteydenottolomakkeen t\u00e4ytt\u00e4minen)<\/p>\n<\/li>\n<li data-start=\"1604\" data-end=\"1663\">\n<p data-start=\"1606\" data-end=\"1663\">Sopimuksen t\u00e4ytt\u00e4miseen (esim. varauksen toteuttaminen)<\/p>\n<\/li>\n<li data-start=\"1664\" data-end=\"1716\">\n<p data-start=\"1666\" data-end=\"1716\">Lakis\u00e4\u00e4teisiin velvoitteisiin (esim. kirjanpito)<\/p>\n<\/li>\n<\/ul>\n<hr data-start=\"1718\" data-end=\"1721\" \/>\n<h2 data-start=\"1723\" data-end=\"1752\">6. Tietojen s\u00e4ilytysaika<\/h2>\n<p data-start=\"1753\" data-end=\"1937\">S\u00e4ilyt\u00e4mme henkil\u00f6tietoja vain niin kauan kuin se on tarpeen palveluiden toteuttamiseksi tai lakis\u00e4\u00e4teisten velvoitteiden t\u00e4ytt\u00e4miseksi. Tarpeettomat tiedot poistetaan turvallisesti.<\/p>\n<hr data-start=\"1939\" data-end=\"1942\" \/>\n<h2 data-start=\"1944\" data-end=\"1979\">7. Tietojen luovutus ja siirto<\/h2>\n<p data-start=\"1980\" data-end=\"2157\">Henkil\u00f6tietoja ei luovuteta kolmansille osapuolille, ellei se ole v\u00e4ltt\u00e4m\u00e4t\u00f6nt\u00e4 palvelun toteuttamiseksi (esim. maksupalvelu). Tietoja ei siirret\u00e4 EU:n tai ETA:n ulkopuolelle.<\/p>\n<hr data-start=\"2159\" data-end=\"2162\" \/>\n<h2 data-start=\"2164\" data-end=\"2195\">8. Ev\u00e4steet ja analytiikka<\/h2>\n<p data-start=\"2196\" data-end=\"2380\">Sivustomme voi k\u00e4ytt\u00e4\u00e4 ev\u00e4steit\u00e4 k\u00e4ytt\u00e4j\u00e4kokemuksen parantamiseksi ja k\u00e4vij\u00e4liikenteen seuraamiseksi (esim. Google Analytics). Ev\u00e4steiden k\u00e4ytt\u00f6\u00f6n voi vaikuttaa selaimen asetuksilla.<\/p>\n<hr data-start=\"2382\" data-end=\"2385\" \/>\n<h2 data-start=\"2387\" data-end=\"2417\">9. Rekister\u00f6idyn oikeudet<\/h2>\n<p data-start=\"2418\" data-end=\"2438\">Sinulla on oikeus:<\/p>\n<ul data-start=\"2439\" data-end=\"2665\">\n<li data-start=\"2439\" data-end=\"2494\">\n<p data-start=\"2441\" data-end=\"2494\">Saada p\u00e4\u00e4sy tietoihin, joita sinusta on tallennettu<\/p>\n<\/li>\n<li data-start=\"2495\" data-end=\"2539\">\n<p data-start=\"2497\" data-end=\"2539\">Pyyt\u00e4\u00e4 tietojen oikaisua tai poistamista<\/p>\n<\/li>\n<li data-start=\"2540\" data-end=\"2573\">\n<p data-start=\"2542\" data-end=\"2573\">Vastustaa tietojen k\u00e4sittely\u00e4<\/p>\n<\/li>\n<li data-start=\"2574\" data-end=\"2622\">\n<p data-start=\"2576\" data-end=\"2622\">Peruuttaa suostumuksesi tietojen k\u00e4sittelyyn<\/p>\n<\/li>\n<li data-start=\"2623\" data-end=\"2665\">\n<p data-start=\"2625\" data-end=\"2665\">Tehd\u00e4 valitus tietosuojaviranomaiselle<\/p>\n<\/li>\n<\/ul>\n<p data-start=\"2667\" data-end=\"2731\">Pyynn\u00f6t voit l\u00e4hett\u00e4\u00e4 s\u00e4hk\u00f6postitse osoitteeseen <span style=\"color: #6d6d6d;\"><a href=\"mailto:example@email.com \" style=\"color: #6d6d6d;\">elamysporo@gmail.com<\/a><\/span><\/p>\n<hr data-start=\"2733\" data-end=\"2736\" \/>\n<h2 data-start=\"2738\" data-end=\"2767\">10. Tietojen suojaaminen<\/h2>\n<p data-start=\"2768\" data-end=\"2972\">Henkil\u00f6tiedot s\u00e4ilytet\u00e4\u00e4n turvallisesti ja niit\u00e4 k\u00e4sittelev\u00e4t vain ne henkil\u00f6t, joilla on siihen oikeus ty\u00f6ns\u00e4 puolesta. K\u00e4yt\u00e4mme asianmukaisia teknisi\u00e4 ja organisatorisia keinoja tietojen suojaamiseen.<\/p>\n<p>&nbsp;<\/p>\n<p>&nbsp;<\/p>\n<p>&nbsp;<\/p>\n<p>&nbsp;<\/p>\n<p>&nbsp;<\/p>\n<p>&nbsp;<\/p>\n<p>&nbsp;<\/p>\n<p>&nbsp;<\/p>\n<p>&nbsp;<\/p>\n<p>&nbsp;<\/p>\n<p><!-- \/divi:paragraph -->[\/et_pb_text][\/et_pb_column][\/et_pb_row][\/et_pb_section]<\/p>\n","protected":false},"excerpt":{"rendered":"<p>Tietosuojaseloste \u2013 El\u00e4mysPoro Laatimisp\u00e4iv\u00e4: 23.9.2025Viimeksi p\u00e4ivitetty: 23.9.2025 1. Rekisterinpit\u00e4j\u00e4 El\u00e4mysPoro Ounasjoentie 5479, 99340, Kittil\u00e4 Puhelin: +358 40 049073S\u00e4hk\u00f6posti: elaelamysporo@gmail.com 2. Rekisteriasioista vastaava henkil\u00f6 Nimi: JonnaPuhelin: +358 40 049073 3. Mit\u00e4 henkil\u00f6tietoja ker\u00e4\u00e4mme Ker\u00e4\u00e4mme vain v\u00e4ltt\u00e4m\u00e4tt\u00f6mi\u00e4 henkil\u00f6tietoja, joita tarvitaan asiakassuhteen hoitamiseen ja palveluiden j\u00e4rjest\u00e4miseen. N\u00e4it\u00e4 voivat olla: Nimi Puhelinnumero S\u00e4hk\u00f6postiosoite Viestien sis\u00e4lt\u00f6 (esim. yhteydenottolomakkeen kautta l\u00e4hetetyt [&hellip;]<\/p>\n","protected":false},"author":1,"featured_media":0,"parent":0,"menu_order":0,"comment_status":"closed","ping_status":"closed","template":"","meta":{"_et_pb_use_builder":"on","_et_pb_old_content":"<!-- wp:heading -->\n<h2 class=\"wp-block-heading\">Who we are<\/h2>\n<!-- \/wp:heading -->\n<!-- wp:paragraph -->\n<p><strong class=\"privacy-policy-tutorial\">Suggested text: <\/strong>Our website address is: http:\/\/www.xn--elmysporo-w2a.fi.<\/p>\n<!-- \/wp:paragraph -->\n<!-- wp:heading -->\n<h2 class=\"wp-block-heading\">Comments<\/h2>\n<!-- \/wp:heading -->\n<!-- wp:paragraph -->\n<p><strong class=\"privacy-policy-tutorial\">Suggested text: <\/strong>When visitors leave comments on the site we collect the data shown in the comments form, and also the visitor&#8217;s IP address and browser user agent string to help spam detection.<\/p>\n<!-- \/wp:paragraph -->\n<!-- wp:paragraph -->\n<p>An anonymized string created from your email address (also called a hash) may be provided to the Gravatar service to see if you are using it. The Gravatar service privacy policy is available here: https:\/\/automattic.com\/privacy\/. After approval of your comment, your profile picture is visible to the public in the context of your comment.<\/p>\n<!-- \/wp:paragraph -->\n<!-- wp:heading -->\n<h2 class=\"wp-block-heading\">Media<\/h2>\n<!-- \/wp:heading -->\n<!-- wp:paragraph -->\n<p><strong class=\"privacy-policy-tutorial\">Suggested text: <\/strong>If you upload images to the website, you should avoid uploading images with embedded location data (EXIF GPS) included. Visitors to the website can download and extract any location data from images on the website.<\/p>\n<!-- \/wp:paragraph -->\n<!-- wp:heading -->\n<h2 class=\"wp-block-heading\">Cookies<\/h2>\n<!-- \/wp:heading -->\n<!-- wp:paragraph -->\n<p><strong class=\"privacy-policy-tutorial\">Suggested text: <\/strong>If you leave a comment on our site you may opt-in to saving your name, email address and website in cookies. These are for your convenience so that you do not have to fill in your details again when you leave another comment. These cookies will last for one year.<\/p>\n<!-- \/wp:paragraph -->\n<!-- wp:paragraph -->\n<p>If you visit our login page, we will set a temporary cookie to determine if your browser accepts cookies. This cookie contains no personal data and is discarded when you close your browser.<\/p>\n<!-- \/wp:paragraph -->\n<!-- wp:paragraph -->\n<p>When you log in, we will also set up several cookies to save your login information and your screen display choices. Login cookies last for two days, and screen options cookies last for a year. If you select &quot;Remember Me&quot;, your login will persist for two weeks. If you log out of your account, the login cookies will be removed.<\/p>\n<!-- \/wp:paragraph -->\n<!-- wp:paragraph -->\n<p>If you edit or publish an article, an additional cookie will be saved in your browser. This cookie includes no personal data and simply indicates the post ID of the article you just edited. It expires after 1 day.<\/p>\n<!-- \/wp:paragraph -->\n<!-- wp:heading -->\n<h2 class=\"wp-block-heading\">Embedded content from other websites<\/h2>\n<!-- \/wp:heading -->\n<!-- wp:paragraph -->\n<p><strong class=\"privacy-policy-tutorial\">Suggested text: <\/strong>Articles on this site may include embedded content (e.g. videos, images, articles, etc.). Embedded content from other websites behaves in the exact same way as if the visitor has visited the other website.<\/p>\n<!-- \/wp:paragraph -->\n<!-- wp:paragraph -->\n<p>These websites may collect data about you, use cookies, embed additional third-party tracking, and monitor your interaction with that embedded content, including tracking your interaction with the embedded content if you have an account and are logged in to that website.<\/p>\n<!-- \/wp:paragraph -->\n<!-- wp:heading -->\n<h2 class=\"wp-block-heading\">Who we share your data with<\/h2>\n<!-- \/wp:heading -->\n<!-- wp:paragraph -->\n<p><strong class=\"privacy-policy-tutorial\">Suggested text: <\/strong>If you request a password reset, your IP address will be included in the reset email.<\/p>\n<!-- \/wp:paragraph -->\n<!-- wp:heading -->\n<h2 class=\"wp-block-heading\">How long we retain your data<\/h2>\n<!-- \/wp:heading -->\n<!-- wp:paragraph -->\n<p><strong class=\"privacy-policy-tutorial\">Suggested text: <\/strong>If you leave a comment, the comment and its metadata are retained indefinitely. This is so we can recognize and approve any follow-up comments automatically instead of holding them in a moderation queue.<\/p>\n<!-- \/wp:paragraph -->\n<!-- wp:paragraph -->\n<p>For users that register on our website (if any), we also store the personal information they provide in their user profile. All users can see, edit, or delete their personal information at any time (except they cannot change their username). Website administrators can also see and edit that information.<\/p>\n<!-- \/wp:paragraph -->\n<!-- wp:heading -->\n<h2 class=\"wp-block-heading\">What rights you have over your data<\/h2>\n<!-- \/wp:heading -->\n<!-- wp:paragraph -->\n<p><strong class=\"privacy-policy-tutorial\">Suggested text: <\/strong>If you have an account on this site, or have left comments, you can request to receive an exported file of the personal data we hold about you, including any data you have provided to us. You can also request that we erase any personal data we hold about you. This does not include any data we are obliged to keep for administrative, legal, or security purposes.<\/p>\n<!-- \/wp:paragraph -->\n<!-- wp:heading -->\n<h2 class=\"wp-block-heading\">Where your data is sent<\/h2>\n<!-- \/wp:heading -->\n<!-- wp:paragraph -->\n<p><strong class=\"privacy-policy-tutorial\">Suggested text: <\/strong>Visitor comments may be checked through an automated spam detection service.<\/p>\n<!-- \/wp:paragraph -->\n","_et_gb_content_width":"","_monsterinsights_skip_tracking":false,"_monsterinsights_sitenote_active":false,"_monsterinsights_sitenote_note":"","_monsterinsights_sitenote_category":0,"footnotes":""},"class_list":["post-3","page","type-page","status-publish","hentry"],"aioseo_notices":[],"_links":{"self":[{"href":"https:\/\/www.xn--elmysporo-w2a.fi\/en\/wp-json\/wp\/v2\/pages\/3","targetHints":{"allow":["GET"]}}],"collection":[{"href":"https:\/\/www.xn--elmysporo-w2a.fi\/en\/wp-json\/wp\/v2\/pages"}],"about":[{"href":"https:\/\/www.xn--elmysporo-w2a.fi\/en\/wp-json\/wp\/v2\/types\/page"}],"author":[{"embeddable":true,"href":"https:\/\/www.xn--elmysporo-w2a.fi\/en\/wp-json\/wp\/v2\/users\/1"}],"replies":[{"embeddable":true,"href":"https:\/\/www.xn--elmysporo-w2a.fi\/en\/wp-json\/wp\/v2\/comments?post=3"}],"version-history":[{"count":3,"href":"https:\/\/www.xn--elmysporo-w2a.fi\/en\/wp-json\/wp\/v2\/pages\/3\/revisions"}],"predecessor-version":[{"id":2307,"href":"https:\/\/www.xn--elmysporo-w2a.fi\/en\/wp-json\/wp\/v2\/pages\/3\/revisions\/2307"}],"wp:attachment":[{"href":"https:\/\/www.xn--elmysporo-w2a.fi\/en\/wp-json\/wp\/v2\/media?parent=3"}],"curies":[{"name":"wp","href":"https:\/\/api.w.org\/{rel}","templated":true}]}}